{"id":36,"date":"2015-10-31T17:08:25","date_gmt":"2015-10-31T16:08:25","guid":{"rendered":"http:\/\/linuxwerkstatt.customers.bytemine.net\/?page_id=36"},"modified":"2025-01-24T14:26:42","modified_gmt":"2025-01-24T13:26:42","slug":"impressum","status":"publish","type":"page","link":"https:\/\/www.linux-werkstatt-oldenburg.de\/index.php\/impressum\/","title":{"rendered":"Impressum"},"content":{"rendered":"<p>Angaben gem\u00e4\u00df \u00a7 5 TMG:<\/p>\n<p>Frank Slotta<br \/>\nAmmerl\u00e4nder Heerstrasse 245b<br \/>\n26129 Oldenburg<br \/>\nE-Mail: frank.slotta@posteo.de<\/p>\n<p>Inhaltlich Verantwortlicher nach \u00a7 55 II RStV:<\/p>\n<p>Frank Slotta (Adresse s. o.)<\/p>\n<h2 id=\"datenschutz\">Datenschutzerkl\u00e4rung<\/h2>\n<p>Wir freuen uns \u00fcber Ihren Besuch auf unserer Website und Ihrem Interesse an unserem Angebot. Wir nehmen den Schutz Ihrer pers\u00f6nlichen Daten sehr ernst und halten uns strikt an die Regeln der Datenschutzgesetze.<\/p>\n<p><strong>Anonyme Nutzung und Datenerhebung zur statistischen Auswertung<\/strong><\/p>\n<p>Sie k\u00f6nnen unsere Website grunds\u00e4tzlich besuchen, ohne uns mitzuteilen, wer Sie sind. In den Server Log Files des Internet Service Providers werden Informationen gespeichert, die Ihr Browser \u00fcbermittelt. Dies sind: Browsertyp und -version, das verwendete Betriebssystem, die Referrer URL (die zuvor besuchte Website), der Hostname des zugreifenden Rechners (IP Adresse) und die Uhrzeit der Serveranfrage. Diese Daten k\u00f6nnen von uns nicht bestimmten Personen zugeordnet werden. Eine Zusammenf\u00fchrung dieser Daten mit anderen Datenquellen wird nicht vorgenommen. Sie bleiben als einzelner Nutzer hierbei anonym.<\/p>\n<p><strong>Erhebung und Verarbeitung personenbezogener Daten<\/strong><\/p>\n<p>Personenbezogene Daten werden nur erhoben, wenn Sie uns diese von sich aus mitteilen (z. B. beim Kommentieren). Ihre personenbezogenen Daten werden ausschlie\u00dflich zur Abwicklung Ihrer Anfrage oder Ihres Auftrages verwendet und in maschinenlesbarer Form gespeichert und maschinell verarbeitet. Personenbezogene Daten sind Einzelangaben \u00fcber pers\u00f6nliche oder sachliche Verh\u00e4ltnisse einer bestimmten oder bestimmbaren nat\u00fcrlichen Person. Darunter fallen Informationen wie der b\u00fcrgerliche Name, die Anschrift, die Telefonnummer und Ihre E-Mail-Adresse.<\/p>\n<p><strong>Nutzung und Weitergabe personenbezogener Daten<\/strong><\/p>\n<p>Ihre uns von Ihnen mitgeteilten personenbezogenen Daten werden nur zur Bearbeitung Ihrer Anfragen genutzt. Im \u00dcbrigen findet keine Weitergabe an sonstige Dritte statt, es sei denn, wir werden gesetzlich dazu verpflichtet. Wenn Sie uns pers\u00f6nliche Daten zur Verf\u00fcgung stellen, werden diese Daten nur f\u00fcr den angegebenen Zweck genutzt, dem Sie vor der Dateneingabe zugestimmt haben. Wir werden Ihre pers\u00f6nlichen Daten nur so lange speichern, wie dies f\u00fcr den vorgesehenen Zweck der Datenerhebung notwendig oder gesetzlich vorgeschrieben ist. Ihre Daten werden nicht verkauft oder verliehen. Ihre jeweilige Einwilligung k\u00f6nnen Sie selbstverst\u00e4ndlich jederzeit mit Wirkung f\u00fcr die Zukunft widerrufen.<\/p>\n<p><strong>Unterrichtung \u00fcber die Nutzung von Cookies<\/strong><\/p>\n<p>Die Website basiert auf dem CMS-System WordPress. Diese Software benutzt Cookies, wenn Sie als Besucher einen Beitrag kommentieren. Bei Cookies handelt es sich um kleine Textdateien, die Ihr Browser auf Ihrem Rechner ablegen kann. Der Vorgang des Ablegens einer Cookie-Datei wird auch \u201aein Cookie setzen\u2018 genannt. Sie k\u00f6nnen Ihren Browser selbst nach Ihren W\u00fcnschen so einstellen, dass Sie \u00fcber das Setzen von Cookies informiert werden, von Fall zu Fall \u00fcber die Annahme entscheiden oder die Annahme von Cookies grunds\u00e4tzlich akzeptieren oder grunds\u00e4tzlich ausschlie\u00dfen. Cookies k\u00f6nnen zu unterschiedlichen Zwecken eingesetzt werden, z.B. um zu erkennen, dass Ihr PC schon einmal eine Verbindung zu einem Webangebot hatte (dauerhafte Cookies) oder um zuletzt angesehene Angebote zu speichern (Sitzungs-Cookies). In Ihren Browsereinstellungen k\u00f6nnen Sie sich \u00fcber gesetzte Cookies informieren, diese l\u00f6schen und das Setzen neuer Cookies durch das Deaktivieren diese Funktion unterbinden. Unsere Website k\u00f6nnen Sie mit deaktivierten Cookies ohne Einschr\u00e4nkung benutzen.<\/p>\n<p>Kommentarfunktion<\/p>\n<p>Wir erfassen und speichern solche Informationen, die Sie auf unserer Website eingeben oder uns in sonstiger Weise \u00fcbermitteln. Das betrifft etwa Kommentare, Namen, E-Mail-Adressen und URLs, die Sie in die entsprechenden Kommentarfelder eintragen. Diese Angaben geschehen freiwillig. Wir weisen darauf hin, dass Name, angegebene Website und Kommentar f\u00fcr jeden Benutzer von linux-werkstatt-oldenburg.de einzusehen sind. Die E-Mail-Adresse des Kommentators wird nicht angezeigt. In WordPress werden die IP-Adressen der Kommentatoren gespeichert. Es wird kein Plugin benutzt, das Daten weiterleitet.<\/p>\n<p><strong>Auskunftsrecht<\/strong><\/p>\n<p>Sie haben jederzeit das Recht auf Auskunft \u00fcber die bez\u00fcglich Ihrer Person gespeicherten Daten, deren Herkunft und Empf\u00e4nger sowie den Zweck der Datenverarbeitung. Auskunft \u00fcber die gespeicherten Daten erhalten Sie per E-Mail (s.o.).<\/p>\n","protected":false},"excerpt":{"rendered":"<p>Angaben gem\u00e4\u00df \u00a7 5 TMG: Frank Slotta Ammerl\u00e4nder Heerstrasse 245b 26129 Oldenburg E-Mail: frank.slotta@posteo.de Inhaltlich Verantwortlicher nach \u00a7 55 II RStV: Frank Slotta (Adresse s. o.) Datenschutzerkl\u00e4rung Wir freuen uns \u00fcber Ihren Besuch auf unserer Website und Ihrem Interesse an unserem Angebot. Wir nehmen den Schutz Ihrer pers\u00f6nlichen Daten sehr ernst und halten uns strikt [&hellip;]<\/p>\n","protected":false},"author":1,"featured_media":0,"parent":0,"menu_order":0,"comment_status":"closed","ping_status":"closed","template":"","meta":{"footnotes":""},"class_list":["post-36","page","type-page","status-publish","hentry"],"_links":{"self":[{"href":"https:\/\/www.linux-werkstatt-oldenburg.de\/index.php\/wp-json\/wp\/v2\/pages\/36","targetHints":{"allow":["GET"]}}],"collection":[{"href":"https:\/\/www.linux-werkstatt-oldenburg.de\/index.php\/wp-json\/wp\/v2\/pages"}],"about":[{"href":"https:\/\/www.linux-werkstatt-oldenburg.de\/index.php\/wp-json\/wp\/v2\/types\/page"}],"author":[{"embeddable":true,"href":"https:\/\/www.linux-werkstatt-oldenburg.de\/index.php\/wp-json\/wp\/v2\/users\/1"}],"replies":[{"embeddable":true,"href":"https:\/\/www.linux-werkstatt-oldenburg.de\/index.php\/wp-json\/wp\/v2\/comments?post=36"}],"version-history":[{"count":7,"href":"https:\/\/www.linux-werkstatt-oldenburg.de\/index.php\/wp-json\/wp\/v2\/pages\/36\/revisions"}],"predecessor-version":[{"id":764,"href":"https:\/\/www.linux-werkstatt-oldenburg.de\/index.php\/wp-json\/wp\/v2\/pages\/36\/revisions\/764"}],"wp:attachment":[{"href":"https:\/\/www.linux-werkstatt-oldenburg.de\/index.php\/wp-json\/wp\/v2\/media?parent=36"}],"curies":[{"name":"wp","href":"https:\/\/api.w.org\/{rel}","templated":true}]}}